{"id":10,"date":"2024-02-23T19:32:55","date_gmt":"2024-02-23T19:32:55","guid":{"rendered":"https:\/\/sarapiquilodge.com\/?page_id=10"},"modified":"2024-02-23T20:03:00","modified_gmt":"2024-02-23T20:03:00","slug":"habitaciones","status":"publish","type":"page","link":"https:\/\/sarapiquilodge.com\/index.php\/habitaciones\/","title":{"rendered":"Habitaciones"},"content":{"rendered":"<div class=\"xdj266r x11i5rnm xat24cr x1mh8g0r x1vvkbs x126k92a\">\n<div dir=\"auto\"><span class=\"x3nfvp2 x1j61x8r x1fcty0u xdj266r xhhsvwb xat24cr xgzva0m xxymvpz xlup9mm x1kky2od\"><img loading=\"lazy\" decoding=\"async\" class=\"xz74otr\" src=\"https:\/\/static.xx.fbcdn.net\/images\/emoji.php\/v9\/t1e\/1\/16\/1f33f.png\" alt=\"\ud83c\udf3f\" width=\"16\" height=\"16\" \/><\/span>Queremos invitarle a hospedarse en nuestras cabinas, un lugar para descansar despu\u00e9s de un d\u00eda de trabajo.<\/div>\n<\/div>\n<div class=\"x11i5rnm xat24cr x1mh8g0r x1vvkbs xtlvy1s x126k92a\">\n<div dir=\"auto\"><span class=\"x3nfvp2 x1j61x8r x1fcty0u xdj266r xhhsvwb xat24cr xgzva0m xxymvpz xlup9mm x1kky2od\"><img loading=\"lazy\" decoding=\"async\" class=\"xz74otr\" src=\"https:\/\/static.xx.fbcdn.net\/images\/emoji.php\/v9\/ta\/1\/16\/1f343.png\" alt=\"\ud83c\udf43\" width=\"16\" height=\"16\" \/><\/span>Nuestras cabinas les espera, un lugar c\u00e9ntrico en Puerto Viejo de Sarapiqu\u00ed, podr\u00edas desplazarte a cualquier parte.<\/div>\n<\/div>\n<div class=\"x11i5rnm xat24cr x1mh8g0r x1vvkbs xtlvy1s x126k92a\">\n<div dir=\"auto\"><span class=\"x3nfvp2 x1j61x8r x1fcty0u xdj266r xhhsvwb xat24cr xgzva0m xxymvpz xlup9mm x1kky2od\"><img loading=\"lazy\" decoding=\"async\" class=\"xz74otr\" src=\"https:\/\/static.xx.fbcdn.net\/images\/emoji.php\/v9\/t51\/1\/16\/2714.png\" alt=\"\u2714\ufe0f\" width=\"16\" height=\"16\" \/><\/span>Tarifas especiales para Agentes.<\/div>\n<\/div>\n<div class=\"x11i5rnm xat24cr x1mh8g0r x1vvkbs xtlvy1s x126k92a\">\n<div dir=\"auto\"><span class=\"x3nfvp2 x1j61x8r x1fcty0u xdj266r xhhsvwb xat24cr xgzva0m xxymvpz xlup9mm x1kky2od\"><img loading=\"lazy\" decoding=\"async\" class=\"xz74otr\" src=\"https:\/\/static.xx.fbcdn.net\/images\/emoji.php\/v9\/t69\/1\/16\/1f331.png\" alt=\"\ud83c\udf31\" width=\"16\" height=\"16\" \/><\/span>Contamos con amplio parqueo para tu cami\u00f3n o veh\u00edculo totalmente privado y seguro, TV, internet, A\/C y ambiente de tranquilidad,<\/div>\n<\/div>\n<div class=\"x11i5rnm xat24cr x1mh8g0r x1vvkbs xtlvy1s x126k92a\">\n<div dir=\"auto\"><span class=\"x3nfvp2 x1j61x8r x1fcty0u xdj266r xhhsvwb xat24cr xgzva0m xxymvpz xlup9mm x1kky2od\"><img loading=\"lazy\" decoding=\"async\" class=\"xz74otr\" src=\"https:\/\/static.xx.fbcdn.net\/images\/emoji.php\/v9\/t22\/1\/16\/260e.png\" alt=\"\u260e\ufe0f\" width=\"16\" height=\"16\" \/><\/span>27666316\/ <a class=\"x1i10hfl xjbqb8w x1ejq31n xd10rxx x1sy0etr x17r0tee x972fbf xcfux6l x1qhh985 xm0m39n x9f619 x1ypdohk xt0psk2 xe8uvvx xdj266r x11i5rnm xat24cr x1mh8g0r xexx8yu x4uap5 x18d9i69 xkhd6sd x16tdsg8 x1hl2dhg xggy1nq x1a2a7pz xt0b8zv x1fey0fg\" tabindex=\"0\" role=\"link\" href=\"https:\/\/l.facebook.com\/l.php?u=https%3A%2F%2Fwa.me%2F50660512137%3Ffbclid%3DIwAR0axa6DVXOJ_pKG1kBPdo-0qBaojnb61kl85cT8bq9Hqrc37p0-An1jL8Y&amp;h=AT1aK5YVvAJQLBD8ECSU6WzBDdnVJRCnkZD9e3GTAAhY0WuPdEmv1m3WmOTSbEDOvmN8MNMCcJ1Mof7vxuP-EzgNZzaK4XO4buypd8P9qN81YEJoSGBpm2RDiz0P7c9Tz0c4&amp;__tn__=-UK-R&amp;c[0]=AT03GC7iNG32ZVGiVqoA-Ooo0Bvrj3hbE_rm0FmtqnnMP30WENmYLsYY4YuoGJMNkeNXIv9worP6zq12mWnHtQSxavApg2p6-6ICtSrcNnQWwvx-Www8VJmx3pBMyy8h-jUPATOab0CO10WoSkejvZIkJkvsvkJMP9dUv-ocTetVrDGbP_tKQfGCv0DQJQtiP-HLV5CWqgfW\" target=\"_blank\" rel=\"nofollow noopener noreferrer\">https:\/\/wa.me\/50660512137<\/a><\/div>\n<\/div>\n<div class=\"x11i5rnm xat24cr x1mh8g0r x1vvkbs xtlvy1s x126k92a\">\n<div dir=\"auto\"><a class=\"x1i10hfl xjbqb8w x1ejq31n xd10rxx x1sy0etr x17r0tee x972fbf xcfux6l x1qhh985 xm0m39n x9f619 x1ypdohk xt0psk2 xe8uvvx xdj266r x11i5rnm xat24cr x1mh8g0r xexx8yu x4uap5 x18d9i69 xkhd6sd x16tdsg8 x1hl2dhg xggy1nq x1a2a7pz xt0b8zv x1fey0fg xo1l8bm\" tabindex=\"0\" role=\"link\" href=\"https:\/\/www.facebook.com\/hashtag\/cabinas?__eep__=6&amp;__cft__[0]=AZVuc7pqRyUv8xD8JoiAJqo9qB5TGOi23AMl7h927DrHEjKQas_4hbP4ox3CsWj48khqK0i15fAUTaAXiDU5XpP-ztXnJ0DlRVlM6GozgLAxzJAaGuebFosDCwfzDJdVrJTXYaiLWv5MVX4XlkFVhDrjWlkNaAjwT-5COGme5FzYan_AUogc7Bw9Cm1KCIxlFnE&amp;__tn__=*NK-R\">#Cabinas<\/a> <a class=\"x1i10hfl xjbqb8w x1ejq31n xd10rxx x1sy0etr x17r0tee x972fbf xcfux6l x1qhh985 xm0m39n x9f619 x1ypdohk xt0psk2 xe8uvvx xdj266r x11i5rnm xat24cr x1mh8g0r xexx8yu x4uap5 x18d9i69 xkhd6sd x16tdsg8 x1hl2dhg xggy1nq x1a2a7pz xt0b8zv x1fey0fg xo1l8bm\" tabindex=\"0\" role=\"link\" href=\"https:\/\/www.facebook.com\/hashtag\/hospedaje?__eep__=6&amp;__cft__[0]=AZVuc7pqRyUv8xD8JoiAJqo9qB5TGOi23AMl7h927DrHEjKQas_4hbP4ox3CsWj48khqK0i15fAUTaAXiDU5XpP-ztXnJ0DlRVlM6GozgLAxzJAaGuebFosDCwfzDJdVrJTXYaiLWv5MVX4XlkFVhDrjWlkNaAjwT-5COGme5FzYan_AUogc7Bw9Cm1KCIxlFnE&amp;__tn__=*NK-R\">#hospedaje<\/a> <a class=\"x1i10hfl xjbqb8w x1ejq31n xd10rxx x1sy0etr x17r0tee x972fbf xcfux6l x1qhh985 xm0m39n x9f619 x1ypdohk xt0psk2 xe8uvvx xdj266r x11i5rnm xat24cr x1mh8g0r xexx8yu x4uap5 x18d9i69 xkhd6sd x16tdsg8 x1hl2dhg xggy1nq x1a2a7pz xt0b8zv x1fey0fg xo1l8bm\" tabindex=\"0\" role=\"link\" href=\"https:\/\/www.facebook.com\/hashtag\/sarapiqui?__eep__=6&amp;__cft__[0]=AZVuc7pqRyUv8xD8JoiAJqo9qB5TGOi23AMl7h927DrHEjKQas_4hbP4ox3CsWj48khqK0i15fAUTaAXiDU5XpP-ztXnJ0DlRVlM6GozgLAxzJAaGuebFosDCwfzDJdVrJTXYaiLWv5MVX4XlkFVhDrjWlkNaAjwT-5COGme5FzYan_AUogc7Bw9Cm1KCIxlFnE&amp;__tn__=*NK-R\">#sarapiqui<\/a> <a class=\"x1i10hfl xjbqb8w x1ejq31n xd10rxx x1sy0etr x17r0tee x972fbf xcfux6l x1qhh985 xm0m39n x9f619 x1ypdohk xt0psk2 xe8uvvx xdj266r x11i5rnm xat24cr x1mh8g0r xexx8yu x4uap5 x18d9i69 xkhd6sd x16tdsg8 x1hl2dhg xggy1nq x1a2a7pz xt0b8zv x1fey0fg xo1l8bm\" tabindex=\"0\" role=\"link\" href=\"https:\/\/www.facebook.com\/hashtag\/habitaciones?__eep__=6&amp;__cft__[0]=AZVuc7pqRyUv8xD8JoiAJqo9qB5TGOi23AMl7h927DrHEjKQas_4hbP4ox3CsWj48khqK0i15fAUTaAXiDU5XpP-ztXnJ0DlRVlM6GozgLAxzJAaGuebFosDCwfzDJdVrJTXYaiLWv5MVX4XlkFVhDrjWlkNaAjwT-5COGme5FzYan_AUogc7Bw9Cm1KCIxlFnE&amp;__tn__=*NK-R\">#habitaciones<\/a> <a class=\"x1i10hfl xjbqb8w x1ejq31n xd10rxx x1sy0etr x17r0tee x972fbf xcfux6l x1qhh985 xm0m39n x9f619 x1ypdohk xt0psk2 xe8uvvx xdj266r x11i5rnm xat24cr x1mh8g0r xexx8yu x4uap5 x18d9i69 xkhd6sd x16tdsg8 x1hl2dhg xggy1nq x1a2a7pz xt0b8zv x1fey0fg xo1l8bm\" tabindex=\"0\" role=\"link\" href=\"https:\/\/www.facebook.com\/hashtag\/hotel?__eep__=6&amp;__cft__[0]=AZVuc7pqRyUv8xD8JoiAJqo9qB5TGOi23AMl7h927DrHEjKQas_4hbP4ox3CsWj48khqK0i15fAUTaAXiDU5XpP-ztXnJ0DlRVlM6GozgLAxzJAaGuebFosDCwfzDJdVrJTXYaiLWv5MVX4XlkFVhDrjWlkNaAjwT-5COGme5FzYan_AUogc7Bw9Cm1KCIxlFnE&amp;__tn__=*NK-R\">#hotel<\/a> <a class=\"x1i10hfl xjbqb8w x1ejq31n xd10rxx x1sy0etr x17r0tee x972fbf xcfux6l x1qhh985 xm0m39n x9f619 x1ypdohk xt0psk2 xe8uvvx xdj266r x11i5rnm xat24cr x1mh8g0r xexx8yu x4uap5 x18d9i69 xkhd6sd x16tdsg8 x1hl2dhg xggy1nq x1a2a7pz xt0b8zv x1fey0fg xo1l8bm\" tabindex=\"0\" role=\"link\" href=\"https:\/\/www.facebook.com\/hashtag\/cabins?__eep__=6&amp;__cft__[0]=AZVuc7pqRyUv8xD8JoiAJqo9qB5TGOi23AMl7h927DrHEjKQas_4hbP4ox3CsWj48khqK0i15fAUTaAXiDU5XpP-ztXnJ0DlRVlM6GozgLAxzJAaGuebFosDCwfzDJdVrJTXYaiLWv5MVX4XlkFVhDrjWlkNaAjwT-5COGme5FzYan_AUogc7Bw9Cm1KCIxlFnE&amp;__tn__=*NK-R\">#cabins<\/a> <a class=\"x1i10hfl xjbqb8w x1ejq31n xd10rxx x1sy0etr x17r0tee x972fbf xcfux6l x1qhh985 xm0m39n x9f619 x1ypdohk xt0psk2 xe8uvvx xdj266r x11i5rnm xat24cr x1mh8g0r xexx8yu x4uap5 x18d9i69 xkhd6sd x16tdsg8 x1hl2dhg xggy1nq x1a2a7pz xt0b8zv x1fey0fg xo1l8bm\" tabindex=\"0\" role=\"link\" href=\"https:\/\/www.facebook.com\/hashtag\/sarapiqu%C3%AD?__eep__=6&amp;__cft__[0]=AZVuc7pqRyUv8xD8JoiAJqo9qB5TGOi23AMl7h927DrHEjKQas_4hbP4ox3CsWj48khqK0i15fAUTaAXiDU5XpP-ztXnJ0DlRVlM6GozgLAxzJAaGuebFosDCwfzDJdVrJTXYaiLWv5MVX4XlkFVhDrjWlkNaAjwT-5COGme5FzYan_AUogc7Bw9Cm1KCIxlFnE&amp;__tn__=*NK-R\">#Sarapiqu\u00ed<\/a> <a class=\"x1i10hfl xjbqb8w x1ejq31n xd10rxx x1sy0etr x17r0tee x972fbf xcfux6l x1qhh985 xm0m39n x9f619 x1ypdohk xt0psk2 xe8uvvx xdj266r x11i5rnm xat24cr x1mh8g0r xexx8yu x4uap5 x18d9i69 xkhd6sd x16tdsg8 x1hl2dhg xggy1nq x1a2a7pz xt0b8zv x1fey0fg xo1l8bm\" tabindex=\"0\" role=\"link\" href=\"https:\/\/www.facebook.com\/hashtag\/puertoviejoheredia?__eep__=6&amp;__cft__[0]=AZVuc7pqRyUv8xD8JoiAJqo9qB5TGOi23AMl7h927DrHEjKQas_4hbP4ox3CsWj48khqK0i15fAUTaAXiDU5XpP-ztXnJ0DlRVlM6GozgLAxzJAaGuebFosDCwfzDJdVrJTXYaiLWv5MVX4XlkFVhDrjWlkNaAjwT-5COGme5FzYan_AUogc7Bw9Cm1KCIxlFnE&amp;__tn__=*NK-R\">#puertoviejoheredia<\/a><\/div>\n<div dir=\"auto\">\n\n\t\t<style type=\"text\/css\">\n\t\t\t#gallery-1 {\n\t\t\t\tmargin: auto;\n\t\t\t}\n\t\t\t#gallery-1 .gallery-item {\n\t\t\t\tfloat: left;\n\t\t\t\tmargin-top: 10px;\n\t\t\t\ttext-align: center;\n\t\t\t\twidth: 20%;\n\t\t\t}\n\t\t\t#gallery-1 img {\n\t\t\t\tborder: 2px solid #cfcfcf;\n\t\t\t}\n\t\t\t#gallery-1 .gallery-caption {\n\t\t\t\tmargin-left: 0;\n\t\t\t}\n\t\t\t\/* see gallery_shortcode() in wp-includes\/media.php *\/\n\t\t<\/style>\n\t\t<div id='gallery-1' class='gallery galleryid-10 gallery-columns-5 gallery-size-thumbnail'><dl class='gallery-item'>\n\t\t\t<dt class='gallery-icon landscape'>\n\t\t\t\t<a href='https:\/\/sarapiquilodge.com\/index.php\/habitaciones\/hotel-en-sarapiqui-heredia-costa-rica-1\/'><img loading=\"lazy\" decoding=\"async\" width=\"150\" height=\"150\" src=\"https:\/\/sarapiquilodge.com\/wp-content\/uploads\/2024\/02\/Hotel-en-sarapiqui-heredia-costa-rica-1-150x150.jpg\" class=\"attachment-thumbnail size-thumbnail\" alt=\"\" \/><\/a>\n\t\t\t<\/dt><\/dl><dl class='gallery-item'>\n\t\t\t<dt class='gallery-icon landscape'>\n\t\t\t\t<a href='https:\/\/sarapiquilodge.com\/index.php\/habitaciones\/hotel-en-sarapiqui-heredia-costa-rica-2\/'><img loading=\"lazy\" decoding=\"async\" width=\"150\" height=\"150\" src=\"https:\/\/sarapiquilodge.com\/wp-content\/uploads\/2024\/02\/Hotel-en-sarapiqui-heredia-costa-rica-2-150x150.jpg\" class=\"attachment-thumbnail size-thumbnail\" alt=\"\" \/><\/a>\n\t\t\t<\/dt><\/dl><dl class='gallery-item'>\n\t\t\t<dt class='gallery-icon landscape'>\n\t\t\t\t<a href='https:\/\/sarapiquilodge.com\/index.php\/habitaciones\/hotel-en-sarapiqui-heredia-costa-rica-3\/'><img loading=\"lazy\" decoding=\"async\" width=\"150\" height=\"150\" src=\"https:\/\/sarapiquilodge.com\/wp-content\/uploads\/2024\/02\/Hotel-en-sarapiqui-heredia-costa-rica-3-150x150.jpg\" class=\"attachment-thumbnail size-thumbnail\" alt=\"\" \/><\/a>\n\t\t\t<\/dt><\/dl><dl class='gallery-item'>\n\t\t\t<dt class='gallery-icon landscape'>\n\t\t\t\t<a href='https:\/\/sarapiquilodge.com\/index.php\/habitaciones\/hotel-en-sarapiqui-heredia-costa-rica-4\/'><img loading=\"lazy\" decoding=\"async\" width=\"150\" height=\"150\" src=\"https:\/\/sarapiquilodge.com\/wp-content\/uploads\/2024\/02\/Hotel-en-sarapiqui-heredia-costa-rica-4-150x150.jpg\" class=\"attachment-thumbnail size-thumbnail\" alt=\"\" \/><\/a>\n\t\t\t<\/dt><\/dl><dl class='gallery-item'>\n\t\t\t<dt class='gallery-icon landscape'>\n\t\t\t\t<a href='https:\/\/sarapiquilodge.com\/index.php\/habitaciones\/hotel-en-sarapiqui-heredia-costa-rica-5\/'><img loading=\"lazy\" decoding=\"async\" width=\"150\" height=\"150\" src=\"https:\/\/sarapiquilodge.com\/wp-content\/uploads\/2024\/02\/Hotel-en-sarapiqui-heredia-costa-rica-5-150x150.jpg\" class=\"attachment-thumbnail size-thumbnail\" alt=\"\" \/><\/a>\n\t\t\t<\/dt><\/dl><br style=\"clear: both\" \/><dl class='gallery-item'>\n\t\t\t<dt class='gallery-icon landscape'>\n\t\t\t\t<a href='https:\/\/sarapiquilodge.com\/index.php\/habitaciones\/hotel-en-sarapiqui-heredia-costa-rica-6\/'><img loading=\"lazy\" decoding=\"async\" width=\"150\" height=\"150\" src=\"https:\/\/sarapiquilodge.com\/wp-content\/uploads\/2024\/02\/Hotel-en-sarapiqui-heredia-costa-rica-6-150x150.jpg\" class=\"attachment-thumbnail size-thumbnail\" alt=\"\" \/><\/a>\n\t\t\t<\/dt><\/dl><dl class='gallery-item'>\n\t\t\t<dt class='gallery-icon landscape'>\n\t\t\t\t<a href='https:\/\/sarapiquilodge.com\/index.php\/habitaciones\/hotel-en-sarapiqui-heredia-costa-rica-7\/'><img loading=\"lazy\" decoding=\"async\" width=\"150\" height=\"150\" src=\"https:\/\/sarapiquilodge.com\/wp-content\/uploads\/2024\/02\/Hotel-en-sarapiqui-heredia-costa-rica-7-150x150.jpg\" class=\"attachment-thumbnail size-thumbnail\" alt=\"\" \/><\/a>\n\t\t\t<\/dt><\/dl><dl class='gallery-item'>\n\t\t\t<dt class='gallery-icon landscape'>\n\t\t\t\t<a href='https:\/\/sarapiquilodge.com\/index.php\/habitaciones\/hotel-en-sarapiqui-heredia-costa-rica-8\/'><img loading=\"lazy\" decoding=\"async\" width=\"150\" height=\"150\" src=\"https:\/\/sarapiquilodge.com\/wp-content\/uploads\/2024\/02\/Hotel-en-sarapiqui-heredia-costa-rica-8-150x150.jpg\" class=\"attachment-thumbnail size-thumbnail\" alt=\"\" \/><\/a>\n\t\t\t<\/dt><\/dl><dl class='gallery-item'>\n\t\t\t<dt class='gallery-icon landscape'>\n\t\t\t\t<a href='https:\/\/sarapiquilodge.com\/index.php\/habitaciones\/hotel-en-sarapiqui-heredia-costa-rica-9\/'><img loading=\"lazy\" decoding=\"async\" width=\"150\" height=\"150\" src=\"https:\/\/sarapiquilodge.com\/wp-content\/uploads\/2024\/02\/Hotel-en-sarapiqui-heredia-costa-rica-9-150x150.jpg\" class=\"attachment-thumbnail size-thumbnail\" alt=\"\" \/><\/a>\n\t\t\t<\/dt><\/dl><dl class='gallery-item'>\n\t\t\t<dt class='gallery-icon landscape'>\n\t\t\t\t<a href='https:\/\/sarapiquilodge.com\/index.php\/habitaciones\/hotel-en-sarapiqui-heredia-costa-rica-10\/'><img loading=\"lazy\" decoding=\"async\" width=\"150\" height=\"150\" src=\"https:\/\/sarapiquilodge.com\/wp-content\/uploads\/2024\/02\/Hotel-en-sarapiqui-heredia-costa-rica-10-150x150.jpg\" class=\"attachment-thumbnail size-thumbnail\" alt=\"\" \/><\/a>\n\t\t\t<\/dt><\/dl><br style=\"clear: both\" \/><dl class='gallery-item'>\n\t\t\t<dt class='gallery-icon landscape'>\n\t\t\t\t<a href='https:\/\/sarapiquilodge.com\/index.php\/habitaciones\/hotel-en-sarapiqui-heredia-costa-rica-11\/'><img loading=\"lazy\" decoding=\"async\" width=\"150\" height=\"150\" src=\"https:\/\/sarapiquilodge.com\/wp-content\/uploads\/2024\/02\/Hotel-en-sarapiqui-heredia-costa-rica-11-150x150.jpg\" class=\"attachment-thumbnail size-thumbnail\" alt=\"\" \/><\/a>\n\t\t\t<\/dt><\/dl><dl class='gallery-item'>\n\t\t\t<dt class='gallery-icon landscape'>\n\t\t\t\t<a href='https:\/\/sarapiquilodge.com\/index.php\/habitaciones\/hotel-en-sarapiqui-heredia-costa-rica-12\/'><img loading=\"lazy\" decoding=\"async\" width=\"150\" height=\"150\" src=\"https:\/\/sarapiquilodge.com\/wp-content\/uploads\/2024\/02\/Hotel-en-sarapiqui-heredia-costa-rica-12-150x150.jpg\" class=\"attachment-thumbnail size-thumbnail\" alt=\"\" \/><\/a>\n\t\t\t<\/dt><\/dl><dl class='gallery-item'>\n\t\t\t<dt class='gallery-icon landscape'>\n\t\t\t\t<a href='https:\/\/sarapiquilodge.com\/index.php\/habitaciones\/hotel-en-sarapiqui-heredia-costa-rica-13\/'><img loading=\"lazy\" decoding=\"async\" width=\"150\" height=\"150\" src=\"https:\/\/sarapiquilodge.com\/wp-content\/uploads\/2024\/02\/Hotel-en-sarapiqui-heredia-costa-rica-13-150x150.jpg\" class=\"attachment-thumbnail size-thumbnail\" alt=\"\" \/><\/a>\n\t\t\t<\/dt><\/dl><dl class='gallery-item'>\n\t\t\t<dt class='gallery-icon landscape'>\n\t\t\t\t<a href='https:\/\/sarapiquilodge.com\/index.php\/habitaciones\/hotel-en-sarapiqui-heredia-costa-rica-14\/'><img loading=\"lazy\" decoding=\"async\" width=\"150\" height=\"150\" src=\"https:\/\/sarapiquilodge.com\/wp-content\/uploads\/2024\/02\/Hotel-en-sarapiqui-heredia-costa-rica-14-150x150.jpg\" class=\"attachment-thumbnail size-thumbnail\" alt=\"\" \/><\/a>\n\t\t\t<\/dt><\/dl><dl class='gallery-item'>\n\t\t\t<dt class='gallery-icon landscape'>\n\t\t\t\t<a href='https:\/\/sarapiquilodge.com\/index.php\/habitaciones\/hotel-en-sarapiqui-heredia-costa-rica-15\/'><img loading=\"lazy\" decoding=\"async\" width=\"150\" height=\"150\" src=\"https:\/\/sarapiquilodge.com\/wp-content\/uploads\/2024\/02\/Hotel-en-sarapiqui-heredia-costa-rica-15-150x150.jpg\" class=\"attachment-thumbnail size-thumbnail\" alt=\"\" \/><\/a>\n\t\t\t<\/dt><\/dl><br style=\"clear: both\" \/><dl class='gallery-item'>\n\t\t\t<dt class='gallery-icon landscape'>\n\t\t\t\t<a href='https:\/\/sarapiquilodge.com\/index.php\/habitaciones\/hotel-en-sarapiqui-heredia-costa-rica-16\/'><img loading=\"lazy\" decoding=\"async\" width=\"150\" height=\"150\" src=\"https:\/\/sarapiquilodge.com\/wp-content\/uploads\/2024\/02\/Hotel-en-sarapiqui-heredia-costa-rica-16-150x150.jpg\" class=\"attachment-thumbnail size-thumbnail\" alt=\"\" \/><\/a>\n\t\t\t<\/dt><\/dl><dl class='gallery-item'>\n\t\t\t<dt class='gallery-icon landscape'>\n\t\t\t\t<a href='https:\/\/sarapiquilodge.com\/index.php\/habitaciones\/hotel-en-sarapiqui-heredia-costa-rica-17\/'><img loading=\"lazy\" decoding=\"async\" width=\"150\" height=\"150\" src=\"https:\/\/sarapiquilodge.com\/wp-content\/uploads\/2024\/02\/Hotel-en-sarapiqui-heredia-costa-rica-17-150x150.jpg\" class=\"attachment-thumbnail size-thumbnail\" alt=\"\" \/><\/a>\n\t\t\t<\/dt><\/dl><dl class='gallery-item'>\n\t\t\t<dt class='gallery-icon landscape'>\n\t\t\t\t<a href='https:\/\/sarapiquilodge.com\/index.php\/habitaciones\/hotel-en-sarapiqui-heredia-costa-rica-18\/'><img loading=\"lazy\" decoding=\"async\" width=\"150\" height=\"150\" src=\"https:\/\/sarapiquilodge.com\/wp-content\/uploads\/2024\/02\/Hotel-en-sarapiqui-heredia-costa-rica-18-150x150.jpg\" class=\"attachment-thumbnail size-thumbnail\" alt=\"\" \/><\/a>\n\t\t\t<\/dt><\/dl><dl class='gallery-item'>\n\t\t\t<dt class='gallery-icon landscape'>\n\t\t\t\t<a href='https:\/\/sarapiquilodge.com\/index.php\/habitaciones\/inicio-2\/'><img loading=\"lazy\" decoding=\"async\" width=\"150\" height=\"150\" src=\"https:\/\/sarapiquilodge.com\/wp-content\/uploads\/2024\/02\/INICIO-150x150.jpg\" class=\"attachment-thumbnail size-thumbnail\" alt=\"\" \/><\/a>\n\t\t\t<\/dt><\/dl>\n\t\t\t<br style='clear: both' \/>\n\t\t<\/div>\n\n<\/div>\n<\/div>\n","protected":false},"excerpt":{"rendered":"<p>Queremos invitarle a hospedarse en nuestras cabinas, un lugar para descansar despu\u00e9s de un d\u00eda de trabajo. Nuestras cabinas les espera, un lugar c\u00e9ntrico en Puerto Viejo de Sarapiqu\u00ed, podr\u00edas desplazarte a cualquier parte. Tarifas especiales para Agentes. Contamos con amplio parqueo para tu cami\u00f3n o veh\u00edculo totalmente privado y seguro, TV, internet, A\/C y [&hellip;]<\/p>\n","protected":false},"author":1,"featured_media":32,"parent":0,"menu_order":0,"comment_status":"closed","ping_status":"closed","template":"","meta":{"footnotes":""},"class_list":["post-10","page","type-page","status-publish","has-post-thumbnail","hentry"],"_links":{"self":[{"href":"https:\/\/sarapiquilodge.com\/index.php\/wp-json\/wp\/v2\/pages\/10","targetHints":{"allow":["GET"]}}],"collection":[{"href":"https:\/\/sarapiquilodge.com\/index.php\/wp-json\/wp\/v2\/pages"}],"about":[{"href":"https:\/\/sarapiquilodge.com\/index.php\/wp-json\/wp\/v2\/types\/page"}],"author":[{"embeddable":true,"href":"https:\/\/sarapiquilodge.com\/index.php\/wp-json\/wp\/v2\/users\/1"}],"replies":[{"embeddable":true,"href":"https:\/\/sarapiquilodge.com\/index.php\/wp-json\/wp\/v2\/comments?post=10"}],"version-history":[{"count":2,"href":"https:\/\/sarapiquilodge.com\/index.php\/wp-json\/wp\/v2\/pages\/10\/revisions"}],"predecessor-version":[{"id":63,"href":"https:\/\/sarapiquilodge.com\/index.php\/wp-json\/wp\/v2\/pages\/10\/revisions\/63"}],"wp:featuredmedia":[{"embeddable":true,"href":"https:\/\/sarapiquilodge.com\/index.php\/wp-json\/wp\/v2\/media\/32"}],"wp:attachment":[{"href":"https:\/\/sarapiquilodge.com\/index.php\/wp-json\/wp\/v2\/media?parent=10"}],"curies":[{"name":"wp","href":"https:\/\/api.w.org\/{rel}","templated":true}]}}